{"id":7640,"date":"2022-03-08T19:09:20","date_gmt":"2022-03-08T18:09:20","guid":{"rendered":"https:\/\/www.grand-hotel-de-nimes.com\/nos-salles-de-reception\/salle-yquem\/"},"modified":"2022-03-15T19:43:16","modified_gmt":"2022-03-15T18:43:16","slug":"salle-yquem","status":"publish","type":"page","link":"https:\/\/www.grand-hotel-de-nimes.com\/en\/nos-salles-de-reception\/salle-yquem\/","title":{"rendered":"Yquem Room"},"content":{"rendered":"<div class=\"wpb-content-wrapper\"><p>[vc_row][vc_column width=&#8221;2\/3&#8243;][vc_empty_space]<div class=\"cq-ribbon-container \" style=\"max-width:;\" data-ribbonwidth=\"\" data-ribbontop=\"16px\" data-ribbonleft=\"10px\"  data-ribboncolor=\"#ffffff\" data-containerbg=\"#ffffff\" data-textcolor=\"#09062f\" data-textmargintop=\"\"><div style=\"background:#09062f;color:#ffffff;\nbackground:#09062f;color:#ffffff;top:10px;bottom:auto\" class=\"cq-ribbon4\">36m<sup>2<\/sup><div class=\"arrow\" style=\"border-color:transparent #09062f\"><\/div><\/div><div class=\"cq-ribbon-content\"><a href=\"https:\/\/www.grand-hotel-de-nimes.com\/wp-content\/uploads\/2018\/10\/salle-Yquem.jpg\" class=\"ribbon-image\"><img decoding=\"async\" src=\"https:\/\/www.grand-hotel-de-nimes.com\/wp-content\/uploads\/2018\/10\/salle-Yquem.jpg\" alt=\"\" \/><\/a><p class=\"cq-ribbon-text\"><\/p>\n<p style=\"text-align: center; font-family: pompiere; font-size: 20px;\"><span style=\"color: #09062f;\"><em>Day or Half-day<\/em><\/span><\/p>\n<p><\/p><\/div><\/div>[\/vc_column][vc_column width=&#8221;1\/3&#8243;][vc_empty_space][vc_row_inner][vc_column_inner width=&#8221;1\/2&#8243;]<div class=\"cq-ribbon-container \" style=\"max-width:;\" data-ribbonwidth=\"\" data-ribbontop=\"16px\" data-ribbonleft=\"10px\"  data-ribboncolor=\"#ffffff\" data-containerbg=\"#ffffff\" data-textcolor=\"#09062f\" data-textmargintop=\"\"><div style=\"background:#09062f;color:#ffffff;\nbackground:#09062f;color:#ffffff;top:10px;bottom:auto\" class=\"cq-ribbon4\">U<div class=\"arrow\" style=\"border-color:transparent #09062f\"><\/div><\/div><div class=\"cq-ribbon-content\"><a href=\"https:\/\/www.grand-hotel-de-nimes.com\/wp-content\/uploads\/2018\/10\/pictograU.jpg\" class=\"ribbon-image\"><img decoding=\"async\" src=\"https:\/\/www.grand-hotel-de-nimes.com\/wp-content\/uploads\/2018\/10\/pictograU.jpg\" alt=\"\" \/><\/a><p class=\"cq-ribbon-text\"><\/p>\n<p style=\"text-align: center;\"><span style=\"color: #09062f;\"><em>Capacity : 14 persons<\/em><\/span><\/p>\n<p><\/p><\/div><\/div><div class=\"cq-ribbon-container \" style=\"max-width:;\" data-ribbonwidth=\"\" data-ribbontop=\"16px\" data-ribbonleft=\"10px\"  data-ribboncolor=\"#ffffff\" data-containerbg=\"#ffffff\" data-textcolor=\"#09062f\" data-textmargintop=\"\"><div style=\"background:#09062f;color:#ffffff;\nbackground:#09062f;color:#ffffff;top:10px;bottom:auto\" class=\"cq-ribbon4\">Th\u00e9atre<div class=\"arrow\" style=\"border-color:transparent #09062f\"><\/div><\/div><div class=\"cq-ribbon-content\"><a href=\"https:\/\/www.grand-hotel-de-nimes.com\/wp-content\/uploads\/2018\/10\/pictogrammeTheatre.jpg\" class=\"ribbon-image\"><img decoding=\"async\" src=\"https:\/\/www.grand-hotel-de-nimes.com\/wp-content\/uploads\/2018\/10\/pictogrammeTheatre.jpg\" alt=\"\" \/><\/a><p class=\"cq-ribbon-text\"><\/p>\n<p style=\"text-align: center;\"><span style=\"color: #09062f;\"><em>Capacity : 30 persons<\/em><\/span><\/p>\n<p><\/p><\/div><\/div><div class=\"cq-ribbon-container \" style=\"max-width:;\" data-ribbonwidth=\"\" data-ribbontop=\"16px\" data-ribbonleft=\"10px\"  data-ribboncolor=\"#ffffff\" data-containerbg=\"#ffffff\" data-textcolor=\"#09062f\" data-textmargintop=\"\"><div style=\"background:#09062f;color:#ffffff;\nbackground:#09062f;color:#ffffff;top:10px;bottom:auto\" class=\"cq-ribbon4\">Pav\u00e9<div class=\"arrow\" style=\"border-color:transparent #09062f\"><\/div><\/div><div class=\"cq-ribbon-content\"><a href=\"https:\/\/www.grand-hotel-de-nimes.com\/wp-content\/uploads\/2018\/10\/pictogrammePavet.jpg\" class=\"ribbon-image\"><img decoding=\"async\" src=\"https:\/\/www.grand-hotel-de-nimes.com\/wp-content\/uploads\/2018\/10\/pictogrammePavet.jpg\" alt=\"\" \/><\/a><p class=\"cq-ribbon-text\"><\/p>\n<p style=\"text-align: center;\"><span style=\"color: #09062f;\"><em>Capacity : 20 persons<\/em><\/span><\/p>\n<p><\/p><\/div><\/div>[\/vc_column_inner][vc_column_inner width=&#8221;1\/2&#8243;]<div class=\"cq-ribbon-container \" style=\"max-width:;\" data-ribbonwidth=\"\" data-ribbontop=\"16px\" data-ribbonleft=\"10px\"  data-ribboncolor=\"#ffffff\" data-containerbg=\"#ffffff\" data-textcolor=\"#09062f\" data-textmargintop=\"\"><div style=\"background:#09062f;color:#ffffff;\nbackground:#09062f;color:#ffffff;top:10px;bottom:auto\" class=\"cq-ribbon4\">Ecole<div class=\"arrow\" style=\"border-color:transparent #09062f\"><\/div><\/div><div class=\"cq-ribbon-content\"><a href=\"https:\/\/www.grand-hotel-de-nimes.com\/wp-content\/uploads\/2018\/10\/pictogrammeEcole.jpg\" class=\"ribbon-image\"><img decoding=\"async\" src=\"https:\/\/www.grand-hotel-de-nimes.com\/wp-content\/uploads\/2018\/10\/pictogrammeEcole.jpg\" alt=\"\" \/><\/a><p class=\"cq-ribbon-text\"><\/p>\n<p style=\"text-align: center;\"><span style=\"color: #09062f;\"><em>Capacity : 16 persons<\/em><\/span><\/p>\n<p><\/p><\/div><\/div><div class=\"cq-ribbon-container \" style=\"max-width:;\" data-ribbonwidth=\"\" data-ribbontop=\"16px\" data-ribbonleft=\"10px\"  data-ribboncolor=\"#ffffff\" data-containerbg=\"#ffffff\" data-textcolor=\"#09062f\" data-textmargintop=\"\"><div style=\"background:#09062f;color:#ffffff;\nbackground:#09062f;color:#ffffff;top:10px;bottom:auto\" class=\"cq-ribbon4\">Cabaret<div class=\"arrow\" style=\"border-color:transparent #09062f\"><\/div><\/div><div class=\"cq-ribbon-content\"><a href=\"https:\/\/www.grand-hotel-de-nimes.com\/wp-content\/uploads\/2018\/10\/pictogrammeCabaret.jpg\" class=\"ribbon-image\"><img decoding=\"async\" src=\"https:\/\/www.grand-hotel-de-nimes.com\/wp-content\/uploads\/2018\/10\/pictogrammeCabaret.jpg\" alt=\"\" \/><\/a><p class=\"cq-ribbon-text\"><\/p>\n<p style=\"text-align: center;\"><span style=\"color: #09062f;\"><em>Capacity : 12 persons<\/em><\/span><\/p>\n<p><\/p><\/div><\/div><div class=\"cq-ribbon-container \" style=\"max-width:;\" data-ribbonwidth=\"\" data-ribbontop=\"16px\" data-ribbonleft=\"10px\"  data-ribboncolor=\"#ffffff\" data-containerbg=\"#ffffff\" data-textcolor=\"#09062f\" data-textmargintop=\"\"><div style=\"background:#09062f;color:#ffffff;\nbackground:#09062f;color:#ffffff;top:10px;bottom:auto\" class=\"cq-ribbon4\">Banquet<div class=\"arrow\" style=\"border-color:transparent #09062f\"><\/div><\/div><div class=\"cq-ribbon-content\"><a href=\"https:\/\/www.grand-hotel-de-nimes.com\/wp-content\/uploads\/2018\/10\/pictogrammeBanquet.jpg\" class=\"ribbon-image\"><img decoding=\"async\" src=\"https:\/\/www.grand-hotel-de-nimes.com\/wp-content\/uploads\/2018\/10\/pictogrammeBanquet.jpg\" alt=\"\" \/><\/a><p class=\"cq-ribbon-text\"><\/p>\n<p style=\"text-align: center;\"><span style=\"color: #09062f;\"><em>Capacity : 12 persons<\/em><\/span><\/p>\n<p><\/p><\/div><\/div>[\/vc_column_inner][\/vc_row_inner][\/vc_column][\/vc_row][vc_row full_width=&#8221;stretch_row&#8221; equal_height=&#8221;yes&#8221; content_placement=&#8221;middle&#8221; parallax=&#8221;content-moving&#8221; parallax_image=&#8221;6886&#8243;][vc_column css=&#8221;.vc_custom_1645723026272{padding-top: 25px !important;padding-right: 25px !important;padding-bottom: 25px !important;padding-left: 25px !important;background-color: rgba(0,0,0,0.54) !important;*background-color: rgb(0,0,0) !important;}&#8221;][vc_column_text]<\/p>\n<h4 style=\"text-align: center; font-family: pompiere; font-size: 28px; color: #fff;\"><em>Your seminars at<\/em><\/h4>\n<h2 style=\"text-align: center;\"><span style=\"color: #ffd700; font-family: 'dancing script';\"> Grand H\u00f4tel de N\u00eemes****<\/span><\/h2>\n<h4 style=\"text-align: center; font-family: pompiere; font-size: 23px; color: #fff;\">A high quality offer &amp; personalised service<\/h4>\n<p>[\/vc_column_text][vc_empty_space][vc_row_inner equal_height=&#8221;yes&#8221; content_placement=&#8221;middle&#8221; gap=&#8221;25&#8243;][vc_column_inner width=&#8221;1\/2&#8243;][vc_column_text]<\/p>\n<p style=\"text-align: center;\"><span style=\"color: #ffffff; text-transform: underline; font-family: pompiere; font-size: 20px;\">MATERIALS AND EQUIPMENT<\/span><\/p>\n<p>&nbsp;<\/p>\n<p style=\"text-align: center;\"><span style=\"color: #ffffff;\">-&gt; Video projector<\/span><br \/>\n<span style=\"color: #ffffff;\">-&gt; Large screen<\/span><br \/>\n<span style=\"color: #ffffff;\">-&gt; Free wifi <\/span><br \/>\n<span style=\"color: #ffffff;\">-&gt; Paperboard &amp; markers<\/span><br \/>\n<span style=\"color: #ffffff;\">-&gt; Mineral water<\/span><br \/>\n<span style=\"color: #ffffff;\">\u00a0-&gt; Notepad &amp; pen<\/span><\/p>\n<p>[\/vc_column_text][\/vc_column_inner][vc_column_inner width=&#8221;1\/2&#8243;][vc_column_text]<\/p>\n<p style=\"text-align: center; font-family: pompiere; font-size: 20px;\"><span style=\"color: #ffffff;\">OUR MEETING PACKAGES <em>(Day or Half-day)<\/em><\/span><\/p>\n<p>&nbsp;<\/p>\n<p style=\"text-align: center; font-family: pompiere;\"><span style=\"color: #ffffff;\">-&gt; Room rental<\/span><br \/>\n<span style=\"color: #ffffff;\">-&gt; Espresso machine in the room with coffee and tea pods<\/span><br \/>\n<span style=\"color: #ffffff;\">-&gt; Welcome coffee (hot drinks, fruit juice, pastries)<\/span><br \/>\n<span style=\"color: #ffffff;\">-&gt; Energy break (hot drinks, fruit juice, cereal bars)<\/span><br \/>\n<span style=\"color: #ffffff;\">-&gt; Lunch<\/span><br \/>\n<span style=\"color: #ffffff;\">-&gt; Gourmet break (hot drinks, fruit juice, sweets)<\/span><\/p>\n<p>[\/vc_column_text][\/vc_column_inner][\/vc_row_inner][vc_row_inner][vc_column_inner width=&#8221;1\/2&#8243;][vc_btn title=&#8221;Contact us&#8221; style=&#8221;outline&#8221; shape=&#8221;square&#8221; color=&#8221;white&#8221; align=&#8221;center&#8221; i_icon_fontawesome=&#8221;far fa-envelope&#8221; add_icon=&#8221;true&#8221; link=&#8221;url:https%3A%2F%2Fwww.grand-hotel-de-nimes.com%2Fen%2Fcontact%2F|title:Nous%20contacter&#8221;][\/vc_column_inner][vc_column_inner width=&#8221;1\/2&#8243;][vc_btn title=&#8221;See our meeting rooms&#8221; style=&#8221;outline&#8221; shape=&#8221;square&#8221; color=&#8221;white&#8221; align=&#8221;center&#8221; i_icon_fontawesome=&#8221;far fa-envelope&#8221; add_icon=&#8221;true&#8221; link=&#8221;url:https%3A%2F%2Fwww.grand-hotel-de-nimes.com%2Fen%2Fnos-salles-de-reception%2F|title:Salles%20de%20r%C3%A9ception&#8221;][\/vc_column_inner][\/vc_row_inner][\/vc_column][\/vc_row][vc_row full_width=&#8221;stretch_row&#8221;][vc_column][vc_empty_space][vc_custom_heading text=&#8221;All the team of the&#8221; font_container=&#8221;tag:h4|text_align:center|color:%2309062f&#8221; google_fonts=&#8221;font_family:Pompiere%3Aregular|font_style:400%20regular%3A400%3Anormal&#8221;][vc_custom_heading text=&#8221;Grand H\u00f4tel de N\u00eemes****&#8221; font_container=&#8221;tag:h2|text_align:center|color:%2309062f&#8221; use_theme_fonts=&#8221;yes&#8221;][vc_custom_heading text=&#8221;wishes you a pleasant stay&#8221; font_container=&#8221;tag:h4|text_align:center|color:%2309062f&#8221; google_fonts=&#8221;font_family:Pompiere%3Aregular|font_style:400%20regular%3A400%3Anormal&#8221;][vc_single_image image=&#8221;6732&#8243; img_size=&#8221;full&#8221; alignment=&#8221;center&#8221; onclick=&#8221;link_image&#8221;][\/vc_column][\/vc_row][vc_row][vc_column]<div class=\"cq-floatblock cq-floatblock-position-right_center cq-floatblock-shape-square cq-floatblock-btn-large\" data-position=\"right_center\" data-isdisplay=\"\" style=\"width:\" data-elementwidth=\"\" data-autodelay=\"0\"><div class=\"cq-floatblock-header\"><div class=\"cq-floatblock-button\" style=\"color:#ffffff;background:#09062f\"><div class=\"cq-floatblock-iconcontainer\"><i class=\"cq-floatblock-icon fas fa-envelope\" style=\"color:#ffffff;\"><\/i><\/div><\/div><\/div><div class=\"cq-floatblock-title cq-floatblock-white\">\n                          <h3 style=\"color:#09062f\">A reply within 24 hours<\/h3>\n                          <\/div><div class=\"cq-floatblock-content\"><\/p>\n<p style=\"text-align: center;\">\n<div class=\"wpcf7 no-js\" id=\"wpcf7-f7544-o1\" lang=\"en-US\" dir=\"ltr\" data-wpcf7-id=\"7544\">\n<div class=\"screen-reader-response\"><p role=\"status\" aria-live=\"polite\" aria-atomic=\"true\"><\/p> <ul><\/ul><\/div>\n<form action=\"\/en\/wp-json\/wp\/v2\/pages\/7640#wpcf7-f7544-o1\" method=\"post\" class=\"wpcf7-form init\" aria-label=\"Contact form\" novalidate=\"novalidate\" data-status=\"init\">\n<div style=\"display: none;\">\n<input type=\"hidden\" name=\"_wpcf7\" value=\"7544\" \/>\n<input type=\"hidden\" name=\"_wpcf7_version\" value=\"6.0.3\" \/>\n<input type=\"hidden\" name=\"_wpcf7_locale\" value=\"en_US\" \/>\n<input type=\"hidden\" name=\"_wpcf7_unit_tag\" value=\"wpcf7-f7544-o1\" \/>\n<input type=\"hidden\" name=\"_wpcf7_container_post\" value=\"0\" \/>\n<input type=\"hidden\" name=\"_wpcf7_posted_data_hash\" value=\"\" \/>\n<input type=\"hidden\" name=\"_wpcf7_recaptcha_response\" value=\"\" \/>\n<\/div>\n<div style=\"background-color:#09062f;padding:15px;\">\n\t<h3 style=\"color:#fff;\">Nous contacter\n\t<\/h3>\n\t<p><label style=\"text-align:left;color:#fff;\">Nom*<\/label><br \/>\n<span class=\"wpcf7-form-control-wrap\" data-name=\"your-name\"><input size=\"40\" maxlength=\"400\" class=\"wpcf7-form-control wpcf7-text wpcf7-validates-as-required\" aria-required=\"true\" aria-invalid=\"false\" value=\"\" type=\"text\" name=\"your-name\" \/><\/span>\n\t<\/p>\n\t<p><label style=\"text-align:left;color:#fff;\">Email*<\/label><br \/>\n<span class=\"wpcf7-form-control-wrap\" data-name=\"your-email\"><input size=\"40\" maxlength=\"400\" class=\"wpcf7-form-control wpcf7-email wpcf7-validates-as-required wpcf7-text wpcf7-validates-as-email\" aria-required=\"true\" aria-invalid=\"false\" value=\"\" type=\"email\" name=\"your-email\" \/><\/span>\n\t<\/p>\n\t<p><label style=\"text-align:left;color:#fff;\">T\u00e9l\u00e9phone<\/label><br \/>\n<span class=\"wpcf7-form-control-wrap\" data-name=\"phone\"><input size=\"40\" maxlength=\"400\" class=\"wpcf7-form-control wpcf7-text\" aria-invalid=\"false\" value=\"\" type=\"text\" name=\"phone\" \/><\/span>\n\t<\/p>\n\t<p><label style=\"text-align:left;color:#fff;\">Message<\/label><br \/>\n<span class=\"wpcf7-form-control-wrap\" data-name=\"your-message\"><textarea cols=\"40\" rows=\"7\" maxlength=\"2000\" class=\"wpcf7-form-control wpcf7-textarea\" aria-invalid=\"false\" name=\"your-message\"><\/textarea><\/span>\n\t<\/p>\n\t<p><input class=\"wpcf7-form-control wpcf7-submit has-spinner\" type=\"submit\" value=\"ENVOYEZ\" \/>\n\t<\/p>\n\t<p style=\"color:#fff;text-align: justify;font-size: 18px;\" ><em> Dispositif BLOCTEL : \"Vous avez la possibilit\u00e9 de vous inscrire sur la liste d'opposition au d\u00e9marchage t\u00e9l\u00e9phonique bloctel : https:\/\/bloctel.gouv.fr .<\/em>\n\t<\/p>\n<\/div><div class=\"wpcf7-response-output\" aria-hidden=\"true\"><\/div>\n<\/form>\n<\/div>\n<p><\/div><\/div>[\/vc_column][\/vc_row]<\/p>\n<\/div>","protected":false},"excerpt":{"rendered":"<p>[vc_row][vc_column width=&#8221;2\/3&#8243;][vc_empty_space][\/vc_column][vc_column width=&#8221;1\/3&#8243;][vc_empty_space][vc_row_inner][vc_column_inner width=&#8221;1\/2&#8243;][\/vc_column_inner][vc_column_inner width=&#8221;1\/2&#8243;][\/vc_column_inner][\/vc_row_inner][\/vc_column][\/vc_row][vc_row full_width=&#8221;stretch_row&#8221; equal_height=&#8221;yes&#8221; content_placement=&#8221;middle&#8221; parallax=&#8221;content-moving&#8221; parallax_image=&#8221;6886&#8243;][vc_column css=&#8221;.vc_custom_1645723026272{padding-top: 25px !important;padding-right: 25px !important;padding-bottom: 25px !important;padding-left: 25px&#8230;<\/p>\n","protected":false},"author":7,"featured_media":0,"parent":7624,"menu_order":1,"comment_status":"closed","ping_status":"closed","template":"redux-templates_full_width","meta":{"footnotes":""},"class_list":["post-7640","page","type-page","status-publish","hentry"],"_links":{"self":[{"href":"https:\/\/www.grand-hotel-de-nimes.com\/en\/wp-json\/wp\/v2\/pages\/7640","targetHints":{"allow":["GET"]}}],"collection":[{"href":"https:\/\/www.grand-hotel-de-nimes.com\/en\/wp-json\/wp\/v2\/pages"}],"about":[{"href":"https:\/\/www.grand-hotel-de-nimes.com\/en\/wp-json\/wp\/v2\/types\/page"}],"author":[{"embeddable":true,"href":"https:\/\/www.grand-hotel-de-nimes.com\/en\/wp-json\/wp\/v2\/users\/7"}],"replies":[{"embeddable":true,"href":"https:\/\/www.grand-hotel-de-nimes.com\/en\/wp-json\/wp\/v2\/comments?post=7640"}],"version-history":[{"count":8,"href":"https:\/\/www.grand-hotel-de-nimes.com\/en\/wp-json\/wp\/v2\/pages\/7640\/revisions"}],"predecessor-version":[{"id":7685,"href":"https:\/\/www.grand-hotel-de-nimes.com\/en\/wp-json\/wp\/v2\/pages\/7640\/revisions\/7685"}],"up":[{"embeddable":true,"href":"https:\/\/www.grand-hotel-de-nimes.com\/en\/wp-json\/wp\/v2\/pages\/7624"}],"wp:attachment":[{"href":"https:\/\/www.grand-hotel-de-nimes.com\/en\/wp-json\/wp\/v2\/media?parent=7640"}],"curies":[{"name":"wp","href":"https:\/\/api.w.org\/{rel}","templated":true}]}}