{"id":7561,"date":"2022-03-08T18:59:26","date_gmt":"2022-03-08T17:59:26","guid":{"rendered":"https:\/\/www.grand-hotel-de-nimes.com\/activites\/"},"modified":"2022-03-14T19:46:57","modified_gmt":"2022-03-14T18:46:57","slug":"activites","status":"publish","type":"page","link":"https:\/\/www.grand-hotel-de-nimes.com\/en\/activites\/","title":{"rendered":"Tourism"},"content":{"rendered":"<div class=\"wpb-content-wrapper\"><p>[vc_row equal_height=&#8221;yes&#8221; content_placement=&#8221;middle&#8221;][vc_column width=&#8221;1\/2&#8243;][vc_empty_space]<div class=\"cq-ribbon-container \" style=\"max-width:;\" data-ribbonwidth=\"\" data-ribbontop=\"16px\" data-ribbonleft=\"10px\"  data-ribboncolor=\"\" data-containerbg=\"#09062f\" data-textcolor=\"#ffffff\" data-textmargintop=\"\"><div style=\"background:#dd0000;color:;\nbackground:#dd0000;color:;top:10px;bottom:auto\" class=\"cq-ribbon4\">ville de N\u00eemes<div class=\"arrow\" style=\"border-color:transparent #dd0000\"><\/div><\/div><div class=\"cq-ribbon-content\"><a href=\"https:\/\/www.grand-hotel-de-nimes.com\/wp-content\/uploads\/2018\/10\/Arenes-de-nimes.jpg\" class=\"ribbon-image\"><img decoding=\"async\" src=\"https:\/\/www.grand-hotel-de-nimes.com\/wp-content\/uploads\/2018\/10\/Arenes-de-nimes.jpg\" alt=\"\" \/><\/a><p class=\"cq-ribbon-text\"><\/p>\n<p style=\"text-align: justify; font-family: pompiere; font-size: 20px; padding: 25px;\"><span style=\"color: #ffffff;\">N\u00eemes, a Roman city, is renowned worldwide for the preservation of its monuments, notably the arena and the remains of the Roman walls.<\/span><\/p>\n<p><\/p><\/div><\/div>[vc_btn title=&#8221;NIMES TOURIM OFFICE&#8221; style=&#8221;outline&#8221; shape=&#8221;square&#8221; color=&#8221;chino&#8221; align=&#8221;center&#8221; i_icon_fontawesome=&#8221;fas fa-info-circle&#8221; add_icon=&#8221;true&#8221; link=&#8221;url:https%3A%2F%2Fnimes-tourisme.com%2Ffr%2F|target:_blank&#8221;][\/vc_column][vc_column width=&#8221;1\/2&#8243;][vc_empty_space]<div class=\"cq-ribbon-container \" style=\"max-width:;\" data-ribbonwidth=\"\" data-ribbontop=\"16px\" data-ribbonleft=\"10px\"  data-ribboncolor=\"\" data-containerbg=\"#09062f\" data-textcolor=\"#ffffff\" data-textmargintop=\"\"><div style=\"background:#dd0000;color:;\nbackground:#dd0000;color:;top:10px;bottom:auto\" class=\"cq-ribbon4\">La Camargue<div class=\"arrow\" style=\"border-color:transparent #dd0000\"><\/div><\/div><div class=\"cq-ribbon-content\"><a href=\"https:\/\/www.grand-hotel-de-nimes.com\/wp-content\/uploads\/2018\/10\/flamant-rose.jpg\" class=\"ribbon-image\"><img decoding=\"async\" src=\"https:\/\/www.grand-hotel-de-nimes.com\/wp-content\/uploads\/2018\/10\/flamant-rose.jpg\" alt=\"\" \/><\/a><p class=\"cq-ribbon-text\"><\/p>\n<p style=\"text-align: justify; font-family: pompiere; font-size: 20px; padding: 25px;\"><span style=\"color: #ffffff;\">The Camargue is home to an incredible array of flora and fauna. Its location on an important migratory corridor and the varied habitats it offers make it an ideal resting place that attracts nearly 300 species of birds.<\/span><\/p>\n<p><\/p><\/div><\/div>[vc_btn title=&#8221;DISCOVER THE CAMARGUE&#8221; style=&#8221;outline&#8221; shape=&#8221;square&#8221; color=&#8221;chino&#8221; align=&#8221;center&#8221; i_icon_fontawesome=&#8221;fas fa-info-circle&#8221; add_icon=&#8221;true&#8221; link=&#8221;url:http%3A%2F%2Fwww.parc-camargue.fr%2Fvisitez_la_camargue.html|target:_blank&#8221;][\/vc_column][\/vc_row][vc_row][vc_column]<div class=\"cq-floatblock cq-floatblock-position-right_center cq-floatblock-shape-square cq-floatblock-btn-medium\" data-position=\"right_center\" data-isdisplay=\"\" style=\"width:\" data-elementwidth=\"\" data-autodelay=\"0\"><div class=\"cq-floatblock-header\"><div class=\"cq-floatblock-button\" style=\"color:#ffffff;background:#09062f\"><div class=\"cq-floatblock-iconcontainer\"><i class=\"cq-floatblock-icon fas fa-envelope\" style=\"color:#ffffff;\"><\/i><\/div><\/div><\/div><div class=\"cq-floatblock-content\"><\/p>\n<p style=\"text-align: center;\">\n<div class=\"wpcf7 no-js\" id=\"wpcf7-f7544-o1\" lang=\"en-US\" dir=\"ltr\" data-wpcf7-id=\"7544\">\n<div class=\"screen-reader-response\"><p role=\"status\" aria-live=\"polite\" aria-atomic=\"true\"><\/p> <ul><\/ul><\/div>\n<form action=\"\/en\/wp-json\/wp\/v2\/pages\/7561#wpcf7-f7544-o1\" method=\"post\" class=\"wpcf7-form init\" aria-label=\"Contact form\" novalidate=\"novalidate\" data-status=\"init\">\n<div style=\"display: none;\">\n<input type=\"hidden\" name=\"_wpcf7\" value=\"7544\" \/>\n<input type=\"hidden\" name=\"_wpcf7_version\" value=\"6.0.3\" \/>\n<input type=\"hidden\" name=\"_wpcf7_locale\" value=\"en_US\" \/>\n<input type=\"hidden\" name=\"_wpcf7_unit_tag\" value=\"wpcf7-f7544-o1\" \/>\n<input type=\"hidden\" name=\"_wpcf7_container_post\" value=\"0\" \/>\n<input type=\"hidden\" name=\"_wpcf7_posted_data_hash\" value=\"\" \/>\n<input type=\"hidden\" name=\"_wpcf7_recaptcha_response\" value=\"\" \/>\n<\/div>\n<div style=\"background-color:#09062f;padding:15px;\">\n\t<h3 style=\"color:#fff;\">Nous contacter\n\t<\/h3>\n\t<p><label style=\"text-align:left;color:#fff;\">Nom*<\/label><br \/>\n<span class=\"wpcf7-form-control-wrap\" data-name=\"your-name\"><input size=\"40\" maxlength=\"400\" class=\"wpcf7-form-control wpcf7-text wpcf7-validates-as-required\" aria-required=\"true\" aria-invalid=\"false\" value=\"\" type=\"text\" name=\"your-name\" \/><\/span>\n\t<\/p>\n\t<p><label style=\"text-align:left;color:#fff;\">Email*<\/label><br \/>\n<span class=\"wpcf7-form-control-wrap\" data-name=\"your-email\"><input size=\"40\" maxlength=\"400\" class=\"wpcf7-form-control wpcf7-email wpcf7-validates-as-required wpcf7-text wpcf7-validates-as-email\" aria-required=\"true\" aria-invalid=\"false\" value=\"\" type=\"email\" name=\"your-email\" \/><\/span>\n\t<\/p>\n\t<p><label style=\"text-align:left;color:#fff;\">T\u00e9l\u00e9phone<\/label><br \/>\n<span class=\"wpcf7-form-control-wrap\" data-name=\"phone\"><input size=\"40\" maxlength=\"400\" class=\"wpcf7-form-control wpcf7-text\" aria-invalid=\"false\" value=\"\" type=\"text\" name=\"phone\" \/><\/span>\n\t<\/p>\n\t<p><label style=\"text-align:left;color:#fff;\">Message<\/label><br \/>\n<span class=\"wpcf7-form-control-wrap\" data-name=\"your-message\"><textarea cols=\"40\" rows=\"7\" maxlength=\"2000\" class=\"wpcf7-form-control wpcf7-textarea\" aria-invalid=\"false\" name=\"your-message\"><\/textarea><\/span>\n\t<\/p>\n\t<p><input class=\"wpcf7-form-control wpcf7-submit has-spinner\" type=\"submit\" value=\"ENVOYEZ\" \/>\n\t<\/p>\n\t<p style=\"color:#fff;text-align: justify;font-size: 18px;\" ><em> Dispositif BLOCTEL : \"Vous avez la possibilit\u00e9 de vous inscrire sur la liste d'opposition au d\u00e9marchage t\u00e9l\u00e9phonique bloctel : https:\/\/bloctel.gouv.fr .<\/em>\n\t<\/p>\n<\/div><div class=\"wpcf7-response-output\" aria-hidden=\"true\"><\/div>\n<\/form>\n<\/div>\n<p><\/div><\/div>[\/vc_column][\/vc_row]<\/p>\n<\/div>","protected":false},"excerpt":{"rendered":"<p>[vc_row equal_height=&#8221;yes&#8221; content_placement=&#8221;middle&#8221;][vc_column width=&#8221;1\/2&#8243;][vc_empty_space][vc_btn title=&#8221;NIMES TOURIM OFFICE&#8221; style=&#8221;outline&#8221; shape=&#8221;square&#8221; color=&#8221;chino&#8221; align=&#8221;center&#8221; i_icon_fontawesome=&#8221;fas fa-info-circle&#8221; add_icon=&#8221;true&#8221; link=&#8221;url:https%3A%2F%2Fnimes-tourisme.com%2Ffr%2F|target:_blank&#8221;][\/vc_column][vc_column width=&#8221;1\/2&#8243;][vc_empty_space][vc_btn title=&#8221;DISCOVER THE&#8230;<\/p>\n","protected":false},"author":7,"featured_media":0,"parent":0,"menu_order":0,"comment_status":"closed","ping_status":"closed","template":"redux-templates_full_width","meta":{"footnotes":""},"class_list":["post-7561","page","type-page","status-publish","hentry"],"_links":{"self":[{"href":"https:\/\/www.grand-hotel-de-nimes.com\/en\/wp-json\/wp\/v2\/pages\/7561","targetHints":{"allow":["GET"]}}],"collection":[{"href":"https:\/\/www.grand-hotel-de-nimes.com\/en\/wp-json\/wp\/v2\/pages"}],"about":[{"href":"https:\/\/www.grand-hotel-de-nimes.com\/en\/wp-json\/wp\/v2\/types\/page"}],"author":[{"embeddable":true,"href":"https:\/\/www.grand-hotel-de-nimes.com\/en\/wp-json\/wp\/v2\/users\/7"}],"replies":[{"embeddable":true,"href":"https:\/\/www.grand-hotel-de-nimes.com\/en\/wp-json\/wp\/v2\/comments?post=7561"}],"version-history":[{"count":3,"href":"https:\/\/www.grand-hotel-de-nimes.com\/en\/wp-json\/wp\/v2\/pages\/7561\/revisions"}],"predecessor-version":[{"id":7564,"href":"https:\/\/www.grand-hotel-de-nimes.com\/en\/wp-json\/wp\/v2\/pages\/7561\/revisions\/7564"}],"wp:attachment":[{"href":"https:\/\/www.grand-hotel-de-nimes.com\/en\/wp-json\/wp\/v2\/media?parent=7561"}],"curies":[{"name":"wp","href":"https:\/\/api.w.org\/{rel}","templated":true}]}}