{"id":7540,"date":"2022-03-08T19:21:33","date_gmt":"2022-03-08T18:21:33","guid":{"rendered":"https:\/\/www.grand-hotel-de-nimes.com\/seminaires-groupes\/"},"modified":"2022-03-16T16:42:09","modified_gmt":"2022-03-16T15:42:09","slug":"seminaires-groupes","status":"publish","type":"page","link":"https:\/\/www.grand-hotel-de-nimes.com\/en\/seminaires-groupes\/","title":{"rendered":"S\u00e9minars &#038; Groups"},"content":{"rendered":"<div class=\"wpb-content-wrapper\"><p>[vc_row full_width=&#8221;stretch_row&#8221; content_placement=&#8221;middle&#8221; parallax=&#8221;content-moving&#8221; parallax_image=&#8221;6861&#8243; css=&#8221;.vc_custom_1646846145124{padding-top: 25px !important;padding-right: 25px !important;padding-bottom: 25px !important;padding-left: 25px !important;background-position: center;background-repeat: no-repeat !important;background-size: contain !important;}&#8221;][vc_column][vc_custom_heading text=&#8221;Organize your seminar&#8221; font_container=&#8221;tag:h4|text_align:center|color:%2309062f&#8221; google_fonts=&#8221;font_family:Pompiere%3Aregular|font_style:400%20regular%3A400%3Anormal&#8221;][vc_custom_heading text=&#8221;At&#8221; font_container=&#8221;tag:h4|text_align:center|color:%2309062f&#8221; google_fonts=&#8221;font_family:Pompiere%3Aregular|font_style:400%20regular%3A400%3Anormal&#8221;][vc_custom_heading text=&#8221;Grand H\u00f4tel de N\u00eemes****&#8221; font_container=&#8221;tag:h2|text_align:center|color:%2309062f&#8221; use_theme_fonts=&#8221;yes&#8221;][vc_row_inner equal_height=&#8221;yes&#8221; content_placement=&#8221;middle&#8221; gap=&#8221;30&#8243; css=&#8221;.vc_custom_1645783926508{padding-top: 25px !important;padding-right: 25px !important;padding-bottom: 25px !important;padding-left: 25px !important;}&#8221;][vc_column_inner width=&#8221;1\/2&#8243; css=&#8221;.vc_custom_1645901392347{border-top-width: 1px !important;border-right-width: 1px !important;border-bottom-width: 1px !important;border-left-width: 1px !important;padding-top: 25px !important;padding-right: 25px !important;padding-bottom: 25px !important;padding-left: 25px !important;background-color: #09062f !important;border-left-color: #09062f !important;border-left-style: solid !important;border-right-color: #09062f !important;border-right-style: solid !important;border-top-color: #09062f !important;border-top-style: solid !important;border-bottom-color: #09062f !important;border-bottom-style: solid !important;}&#8221;][vc_column_text]<\/p>\n<h2 style=\"text-align: center;\"><span style=\"color: #ffffff;\">Meeting<\/span><\/h2>\n<p style=\"text-align: center; font-family: 'Pompiere'; font-size: 20px;\"><span style=\"color: #ffffff;\"><strong>48\u20ac<\/strong> per person and per day<\/span><\/p>\n<p style=\"text-align: center;\"><span style=\"color: #ffffff;\"><span style=\"font-family: Pompiere;\"><span style=\"font-size: 20px;\">Included :<\/span><\/span><\/span><br \/>\n<span style=\"font-family: Pompiere; font-size: 20px; color: #ffffff;\">-&gt; meeting room<\/span><br \/>\n<span style=\"font-family: Pompiere; font-size: 20px; color: #ffffff;\">-&gt; A welcome coffee<\/span><br \/>\n<span style=\"font-family: Pompiere; font-size: 20px; color: #ffffff;\">-&gt; An energy break <em>(dans la matin\u00e9e)<\/em><\/span><br \/>\n<span style=\"color: #ffffff;\"><span style=\"font-family: Pompiere;\"><span style=\"font-size: 20px;\">-&gt; A gourmet break <\/span><\/span><em><span style=\"font-family: Pompiere;\"><span style=\"font-size: 20px;\">(Afternoon)<\/span><\/span><\/em><\/span><\/p>\n<p style=\"text-align: center;\"><span style=\"font-family: Pompiere; font-size: 20px; text-align: center; color: #ffffff;\"><small><em>Breaks and welcome coffee are only added on pure rentals. They are offered in all other cases and do not give any discount, if they are not desired, being offered<\/em><\/small><\/span><\/p>\n<p>[\/vc_column_text][\/vc_column_inner][vc_column_inner width=&#8221;1\/2&#8243; css=&#8221;.vc_custom_1645901400569{border-top-width: 1px !important;border-right-width: 1px !important;border-bottom-width: 1px !important;border-left-width: 1px !important;padding-top: 25px !important;padding-right: 25px !important;padding-bottom: 25px !important;padding-left: 25px !important;background-color: #09062f !important;border-left-color: #09062f !important;border-left-style: solid !important;border-right-color: #09062f !important;border-right-style: solid !important;border-top-color: #09062f !important;border-top-style: solid !important;border-bottom-color: #09062f !important;border-bottom-style: solid !important;}&#8221;][vc_column_text]<\/p>\n<h2 style=\"text-align: center;\"><span style=\"color: #ffffff;\">Pure rental<\/span><\/h2>\n<p style=\"text-align: center; font-family: 'Pompiere'; font-size: 20px;\"><em><span style=\"color: #ffffff;\">(See our meeting rooms<\/span> <span style=\"color: #cf0404;\"><strong><a style=\"color: #cf0404;\" href=\"https:\/\/www.grand-hotel-de-nimes.com\/en\/nos-salles-de-reception\/\">HERE<\/a><\/strong><\/span>\u00a0 <span style=\"color: #ffffff;\">|\u00a0 for price, contact us)<\/span><\/em><\/p>\n<p style=\"text-align: center; font-family: 'Pompiere'; font-size: 20px;\"><span style=\"color: #ffffff;\">included :<\/span><br \/>\n<span style=\"font-family: Pompiere; font-size: 20px; color: #ffffff;\">-&gt; A video projector with wall screen<\/span><br \/>\n<span style=\"font-family: Pompiere; font-size: 20px; color: #ffffff;\">-&gt; Wifi <\/span><br \/>\n<span style=\"font-family: Pompiere; font-size: 20px; color: #ffffff;\">-&gt; Paperboard with markers<\/span><br \/>\n<span style=\"font-family: Pompiere; font-size: 20px; color: #ffffff;\">-&gt; Papers<\/span><br \/>\n<span style=\"font-family: Pompiere; font-size: 20px; color: #ffffff;\">-&gt; Mineral water<\/span><\/p>\n<p style=\"text-align: center; font-family: 'Pompiere'; font-size: 20px;\"><span style=\"color: #ffffff;\"><em>Room layout: School, Theatre, U, Banquet<\/em><\/span><\/p>\n<p>[\/vc_column_text][\/vc_column_inner][\/vc_row_inner][vc_row_inner][vc_column_inner width=&#8221;1\/3&#8243;][\/vc_column_inner][vc_column_inner width=&#8221;1\/3&#8243; css=&#8221;.vc_custom_1645901406591{border-top-width: 1px !important;border-right-width: 1px !important;border-bottom-width: 1px !important;border-left-width: 1px !important;padding-top: 25px !important;padding-right: 25px !important;padding-bottom: 25px !important;padding-left: 25px !important;background-color: #09062f !important;border-left-color: #09062f !important;border-left-style: solid !important;border-right-color: #09062f !important;border-right-style: solid !important;border-top-color: #09062f !important;border-top-style: solid !important;border-bottom-color: #09062f !important;border-bottom-style: solid !important;}&#8221;][vc_column_text]<\/p>\n<h2 style=\"text-align: center;\"><span style=\"color: #ffffff;\">Welcome coffee<\/span><\/h2>\n<p style=\"text-align: center; font-family: 'Pompiere'; font-size: 20px;\"><span style=\"color: #ffffff;\"><strong>5\u20ac<\/strong> per person\u00a0<\/span><\/p>\n<p style=\"text-align: center; font-family: 'Pompiere'; font-size: 20px;\"><span style=\"color: #ffffff;\">Provision of a hot drinks machine (coffee, tea), fruit juice and pastries<\/span><\/p>\n<p>[\/vc_column_text][\/vc_column_inner][vc_column_inner width=&#8221;1\/3&#8243;][\/vc_column_inner][\/vc_row_inner][vc_row_inner equal_height=&#8221;yes&#8221; content_placement=&#8221;middle&#8221; gap=&#8221;30&#8243; css=&#8221;.vc_custom_1645783926508{padding-top: 25px !important;padding-right: 25px !important;padding-bottom: 25px !important;padding-left: 25px !important;}&#8221;][vc_column_inner width=&#8221;1\/2&#8243; css=&#8221;.vc_custom_1645901392347{border-top-width: 1px !important;border-right-width: 1px !important;border-bottom-width: 1px !important;border-left-width: 1px !important;padding-top: 25px !important;padding-right: 25px !important;padding-bottom: 25px !important;padding-left: 25px !important;background-color: #09062f !important;border-left-color: #09062f !important;border-left-style: solid !important;border-right-color: #09062f !important;border-right-style: solid !important;border-top-color: #09062f !important;border-top-style: solid !important;border-bottom-color: #09062f !important;border-bottom-style: solid !important;}&#8221;][vc_column_text]<\/p>\n<h2 style=\"text-align: center;\"><span style=\"color: #ffffff;\">Business meals<\/span><\/h2>\n<p style=\"text-align: center; font-family: 'Pompiere'; font-size: 20px;\"><span style=\"color: #ffffff;\"><strong>Lunch at the restaurant &#8220;Le Chat Noir&#8221; where delicious dishes are concocted by our Chef<\/strong><\/span><\/p>\n<p style=\"text-align: center; font-family: 'Pompiere'; font-size: 20px;\"><span style=\"color: #ffffff;\">The menu is prepared according to your budget<\/span><\/p>\n<hr \/>\n<h2 style=\"text-align: center;\"><span style=\"color: #ffffff;\">Cocktails<\/span><\/h2>\n<p style=\"text-align: center; font-family: 'Pompiere'; font-size: 20px;\"><span style=\"color: #ffffff;\"><strong>Cocktails can also be organised<\/strong><\/span><\/p>\n<p style=\"text-align: center; font-family: 'Pompiere'; font-size: 20px;\"><span style=\"color: #ffffff;\">See our different types of Cocktails <em><span style=\"color: #c90808;\"><strong><a style=\"color: #c90808;\" href=\"https:\/\/www.grand-hotel-de-nimes.com\/en\/restaurant-le-chat-noir\/\">HERE<\/a><\/strong><\/span><\/em><\/span><\/p>\n<p>[\/vc_column_text][\/vc_column_inner][vc_column_inner width=&#8221;1\/2&#8243; css=&#8221;.vc_custom_1645901400569{border-top-width: 1px !important;border-right-width: 1px !important;border-bottom-width: 1px !important;border-left-width: 1px !important;padding-top: 25px !important;padding-right: 25px !important;padding-bottom: 25px !important;padding-left: 25px !important;background-color: #09062f !important;border-left-color: #09062f !important;border-left-style: solid !important;border-right-color: #09062f !important;border-right-style: solid !important;border-top-color: #09062f !important;border-top-style: solid !important;border-bottom-color: #09062f !important;border-bottom-style: solid !important;}&#8221;][vc_column_text]<\/p>\n<h2 style=\"text-align: center;\"><span style=\"color: #ffffff;\">Other options<\/span><\/h2>\n<p style=\"text-align: center; font-family: 'Pompiere'; font-size: 20px;\"><span style=\"color: #ffffff;\">-&gt; Privatisation of the hotel bar<\/span><\/p>\n<p style=\"text-align: center; font-family: 'Pompiere'; font-size: 20px;\"><span style=\"color: #ffffff;\">-&gt; Privatisation of the gym<\/span><\/p>\n<p style=\"text-align: center; font-family: 'Pompiere'; font-size: 20px;\"><span style=\"color: #ffffff;\">-&gt; Privatisation of hotel facilities<\/span><\/p>\n<p>&nbsp;<\/p>\n<p style=\"text-align: center; font-family: 'Pompiere'; font-size: 20px;\"><strong><span style=\"color: #ffffff;\"><em>PRICE ON REQUEST<\/em><\/span><\/strong><\/p>\n<p>[\/vc_column_text][\/vc_column_inner][\/vc_row_inner][vc_empty_space][\/vc_column][\/vc_row][vc_row gap=&#8221;15&#8243; equal_height=&#8221;yes&#8221;][vc_column width=&#8221;1\/2&#8243; css=&#8221;.vc_custom_1646991902708{background-color: #f6f2ec !important;}&#8221;][vc_empty_space][vc_tta_accordion style=&#8221;outline&#8221; shape=&#8221;square&#8221; color=&#8221;orange&#8221; c_align=&#8221;center&#8221; c_icon=&#8221;triangle&#8221; active_section=&#8221;13&#8243; collapsible_all=&#8221;true&#8221;][vc_tta_section title=&#8221;REQUEST FOR QUOTATION&#8221; tab_id=&#8221;1646938851336-762cc7f7-f7e2&#8243;][vc_column_text]\n<div class=\"wpcf7 no-js\" id=\"wpcf7-f7592-o1\" lang=\"en-US\" dir=\"ltr\" data-wpcf7-id=\"7592\">\n<div class=\"screen-reader-response\"><p role=\"status\" aria-live=\"polite\" aria-atomic=\"true\"><\/p> <ul><\/ul><\/div>\n<form action=\"\/en\/wp-json\/wp\/v2\/pages\/7540#wpcf7-f7592-o1\" method=\"post\" class=\"wpcf7-form init\" aria-label=\"Contact form\" novalidate=\"novalidate\" data-status=\"init\">\n<div style=\"display: none;\">\n<input type=\"hidden\" name=\"_wpcf7\" value=\"7592\" \/>\n<input type=\"hidden\" name=\"_wpcf7_version\" value=\"6.0.3\" \/>\n<input type=\"hidden\" name=\"_wpcf7_locale\" value=\"en_US\" \/>\n<input type=\"hidden\" name=\"_wpcf7_unit_tag\" value=\"wpcf7-f7592-o1\" \/>\n<input type=\"hidden\" name=\"_wpcf7_container_post\" value=\"0\" \/>\n<input type=\"hidden\" name=\"_wpcf7_posted_data_hash\" value=\"\" \/>\n<input type=\"hidden\" name=\"_wpcf7_recaptcha_response\" value=\"\" \/>\n<\/div>\n<div style=\"background-color:#09062f;padding:15px;\">\n\t<h3 style=\"color:#fff;\">Your event\n\t<\/h3>\n\t<p><label style=\"text-align:left;color:#fff;\">Company name \/ Group<\/label><br \/>\n<span class=\"wpcf7-form-control-wrap\" data-name=\"your-name\"><input size=\"40\" maxlength=\"400\" class=\"wpcf7-form-control wpcf7-text wpcf7-validates-as-required\" aria-required=\"true\" aria-invalid=\"false\" value=\"\" type=\"text\" name=\"your-name\" \/><\/span>\n\t<\/p>\n\t<p><label style=\"text-align:left;color:#fff;\">Email*<\/label><br \/>\n<span class=\"wpcf7-form-control-wrap\" data-name=\"your-email\"><input size=\"40\" maxlength=\"400\" class=\"wpcf7-form-control wpcf7-email wpcf7-validates-as-required wpcf7-text wpcf7-validates-as-email\" aria-required=\"true\" aria-invalid=\"false\" value=\"\" type=\"email\" name=\"your-email\" \/><\/span>\n\t<\/p>\n\t<p><label style=\"text-align:left;color:#fff;\">Phone<\/label><br \/>\n<span class=\"wpcf7-form-control-wrap\" data-name=\"phone\"><input size=\"40\" maxlength=\"400\" class=\"wpcf7-form-control wpcf7-text\" aria-invalid=\"false\" value=\"\" type=\"text\" name=\"phone\" \/><\/span>\n\t<\/p>\n\t<p><label style=\"text-align:left;color:#fff;\">Type of event<\/label><br \/>\n<span class=\"wpcf7-form-control-wrap\" data-name=\"menu-337\"><select class=\"wpcf7-form-control wpcf7-select\" aria-invalid=\"false\" name=\"menu-337\"><option value=\"\">&#8212;Please choose an option&#8212;<\/option><option value=\"Lunch\">Lunch<\/option><option value=\"Dinner\">Dinner<\/option><option value=\"Meeting\">Meeting<\/option><option value=\"Day meeting\">Day meeting<\/option><option value=\"Congress\">Congress<\/option><option value=\"Residential seminar\">Residential seminar<\/option><option value=\"exhibition\">exhibition<\/option><option value=\"Cocktail\">Cocktail<\/option><option value=\"Wedding\">Wedding<\/option><option value=\"Banquet\">Banquet<\/option><option value=\"Others\">Others<\/option><\/select><\/span>\n\t<\/p>\n\t<p><label style=\"text-align:left;color:#fff;\">Date of event<\/label><br \/>\n<span class=\"wpcf7-form-control-wrap\" data-name=\"date-519\"><input class=\"wpcf7-form-control wpcf7-date wpcf7-validates-as-required wpcf7-validates-as-date\" aria-required=\"true\" aria-invalid=\"false\" value=\"\" type=\"date\" name=\"date-519\" \/><\/span>\n\t<\/p>\n\t<p><label style=\"text-align:left;color:#fff;\">number of participants<\/label><br \/>\n<span class=\"wpcf7-form-control-wrap\" data-name=\"number-90\"><input class=\"wpcf7-form-control wpcf7-number wpcf7-validates-as-number\" min=\"1\" max=\"1000\" aria-invalid=\"false\" value=\"1\" type=\"number\" name=\"number-90\" \/><\/span>\n\t<\/p>\n\t<p><label style=\"text-align:left;color:#fff;\">Do you need rooms ?<\/label><br \/>\n<span class=\"wpcf7-form-control-wrap\" data-name=\"checkbox-874\"><span class=\"wpcf7-form-control wpcf7-checkbox\"><span class=\"wpcf7-list-item first\"><label><input type=\"checkbox\" name=\"checkbox-874[]\" value=\"Yes\" \/><span class=\"wpcf7-list-item-label\">Yes<\/span><\/label><\/span><span class=\"wpcf7-list-item last\"><label><input type=\"checkbox\" name=\"checkbox-874[]\" value=\"No\" \/><span class=\"wpcf7-list-item-label\">No<\/span><\/label><\/span><\/span><\/span>\n\t<\/p>\n\t<p><label style=\"text-align:left;color:#fff;\">Your budget<\/label><br \/>\n<span class=\"wpcf7-form-control-wrap\" data-name=\"text-882\"><input size=\"40\" maxlength=\"400\" class=\"wpcf7-form-control wpcf7-text\" aria-invalid=\"false\" value=\"\" type=\"text\" name=\"text-882\" \/><\/span>\n\t<\/p>\n\t<p><label style=\"text-align:left;color:#fff;\">Message<\/label><br \/>\n<span class=\"wpcf7-form-control-wrap\" data-name=\"textarea-307\"><textarea cols=\"40\" rows=\"10\" maxlength=\"2000\" class=\"wpcf7-form-control wpcf7-textarea\" aria-invalid=\"false\" name=\"textarea-307\"><\/textarea><\/span>\n\t<\/p>\n\t<p><input class=\"wpcf7-form-control wpcf7-submit has-spinner\" type=\"submit\" value=\"SEND\" \/>\n\t<\/p>\n\t<p style=\"color:#fff;text-align: justify;font-size: 18px;\" ><em>The information you provide on this form is for the use of our establishment and our technical service providers in order to process your request. You accept our policy of confidentiality of personal data. In accordance with Law n\u00b078-17 of 6 January 1978, as amended, and the General Data Protection Regulation, you have the right to access, rectify, delete, oppose and limit the processing of your personal data, as well as the right to data portability and to define your directives concerning the management of your data after your death. You can exercise these rights by sending an email to com@grand-hotel-de-nimes.com <\/em>\n\t<\/p>\n<\/div><div class=\"wpcf7-response-output\" aria-hidden=\"true\"><\/div>\n<\/form>\n<\/div>\n[\/vc_column_text][\/vc_tta_section][\/vc_tta_accordion][\/vc_column][vc_column width=&#8221;1\/2&#8243; css=&#8221;.vc_custom_1646991914251{background-color: #f6f2ec !important;}&#8221;][vc_empty_space][vc_btn title=&#8221;SEE OUR MEETING ROOMS&#8221; style=&#8221;outline&#8221; shape=&#8221;square&#8221; color=&#8221;chino&#8221; align=&#8221;center&#8221; link=&#8221;url:https%3A%2F%2Fwww.grand-hotel-de-nimes.com%2Fen%2Fnos-salles-de-reception%2F|title:Salles%20de%20r%C3%A9ception&#8221;][\/vc_column][\/vc_row][vc_row][vc_column]<div class=\"cq-floatblock cq-floatblock-position-right_center cq-floatblock-shape-square cq-floatblock-btn-large\" data-position=\"right_center\" data-isdisplay=\"\" style=\"width:\" data-elementwidth=\"\" data-autodelay=\"0\"><div class=\"cq-floatblock-header\"><div class=\"cq-floatblock-button\" style=\"color:#ffffff;background:#09062f\"><div class=\"cq-floatblock-iconcontainer\"><i class=\"cq-floatblock-icon fas fa-envelope\" style=\"color:#ffffff;\"><\/i><\/div><\/div><\/div><div class=\"cq-floatblock-title cq-floatblock-white\">\n                          <h3 style=\"color:#09062f\">A reply within 24 hours<\/h3>\n                          <\/div><div class=\"cq-floatblock-content\"><\/p>\n<p style=\"text-align: center;\">\n<div class=\"wpcf7 no-js\" id=\"wpcf7-f7544-o2\" lang=\"en-US\" dir=\"ltr\" data-wpcf7-id=\"7544\">\n<div class=\"screen-reader-response\"><p role=\"status\" aria-live=\"polite\" aria-atomic=\"true\"><\/p> <ul><\/ul><\/div>\n<form action=\"\/en\/wp-json\/wp\/v2\/pages\/7540#wpcf7-f7544-o2\" method=\"post\" class=\"wpcf7-form init\" aria-label=\"Contact form\" novalidate=\"novalidate\" data-status=\"init\">\n<div style=\"display: none;\">\n<input type=\"hidden\" name=\"_wpcf7\" value=\"7544\" \/>\n<input type=\"hidden\" name=\"_wpcf7_version\" value=\"6.0.3\" \/>\n<input type=\"hidden\" name=\"_wpcf7_locale\" value=\"en_US\" \/>\n<input type=\"hidden\" name=\"_wpcf7_unit_tag\" value=\"wpcf7-f7544-o2\" \/>\n<input type=\"hidden\" name=\"_wpcf7_container_post\" value=\"0\" \/>\n<input type=\"hidden\" name=\"_wpcf7_posted_data_hash\" value=\"\" \/>\n<input type=\"hidden\" name=\"_wpcf7_recaptcha_response\" value=\"\" \/>\n<\/div>\n<div style=\"background-color:#09062f;padding:15px;\">\n\t<h3 style=\"color:#fff;\">Nous contacter\n\t<\/h3>\n\t<p><label style=\"text-align:left;color:#fff;\">Nom*<\/label><br \/>\n<span class=\"wpcf7-form-control-wrap\" data-name=\"your-name\"><input size=\"40\" maxlength=\"400\" class=\"wpcf7-form-control wpcf7-text wpcf7-validates-as-required\" aria-required=\"true\" aria-invalid=\"false\" value=\"\" type=\"text\" name=\"your-name\" \/><\/span>\n\t<\/p>\n\t<p><label style=\"text-align:left;color:#fff;\">Email*<\/label><br \/>\n<span class=\"wpcf7-form-control-wrap\" data-name=\"your-email\"><input size=\"40\" maxlength=\"400\" class=\"wpcf7-form-control wpcf7-email wpcf7-validates-as-required wpcf7-text wpcf7-validates-as-email\" aria-required=\"true\" aria-invalid=\"false\" value=\"\" type=\"email\" name=\"your-email\" \/><\/span>\n\t<\/p>\n\t<p><label style=\"text-align:left;color:#fff;\">T\u00e9l\u00e9phone<\/label><br \/>\n<span class=\"wpcf7-form-control-wrap\" data-name=\"phone\"><input size=\"40\" maxlength=\"400\" class=\"wpcf7-form-control wpcf7-text\" aria-invalid=\"false\" value=\"\" type=\"text\" name=\"phone\" \/><\/span>\n\t<\/p>\n\t<p><label style=\"text-align:left;color:#fff;\">Message<\/label><br \/>\n<span class=\"wpcf7-form-control-wrap\" data-name=\"your-message\"><textarea cols=\"40\" rows=\"7\" maxlength=\"2000\" class=\"wpcf7-form-control wpcf7-textarea\" aria-invalid=\"false\" name=\"your-message\"><\/textarea><\/span>\n\t<\/p>\n\t<p><input class=\"wpcf7-form-control wpcf7-submit has-spinner\" type=\"submit\" value=\"ENVOYEZ\" \/>\n\t<\/p>\n\t<p style=\"color:#fff;text-align: justify;font-size: 18px;\" ><em> Dispositif BLOCTEL : \"Vous avez la possibilit\u00e9 de vous inscrire sur la liste d'opposition au d\u00e9marchage t\u00e9l\u00e9phonique bloctel : https:\/\/bloctel.gouv.fr .<\/em>\n\t<\/p>\n<\/div><div class=\"wpcf7-response-output\" aria-hidden=\"true\"><\/div>\n<\/form>\n<\/div>\n<p><\/div><\/div>[\/vc_column][\/vc_row]<\/p>\n<\/div>","protected":false},"excerpt":{"rendered":"<p>[vc_row full_width=&#8221;stretch_row&#8221; content_placement=&#8221;middle&#8221; parallax=&#8221;content-moving&#8221; parallax_image=&#8221;6861&#8243; css=&#8221;.vc_custom_1646846145124{padding-top: 25px !important;padding-right: 25px !important;padding-bottom: 25px !important;padding-left: 25px !important;background-position: center;background-repeat: no-repeat !important;background-size: contain&#8230;<\/p>\n","protected":false},"author":7,"featured_media":0,"parent":0,"menu_order":0,"comment_status":"closed","ping_status":"closed","template":"redux-templates_full_width","meta":{"footnotes":""},"class_list":["post-7540","page","type-page","status-publish","hentry"],"_links":{"self":[{"href":"https:\/\/www.grand-hotel-de-nimes.com\/en\/wp-json\/wp\/v2\/pages\/7540","targetHints":{"allow":["GET"]}}],"collection":[{"href":"https:\/\/www.grand-hotel-de-nimes.com\/en\/wp-json\/wp\/v2\/pages"}],"about":[{"href":"https:\/\/www.grand-hotel-de-nimes.com\/en\/wp-json\/wp\/v2\/types\/page"}],"author":[{"embeddable":true,"href":"https:\/\/www.grand-hotel-de-nimes.com\/en\/wp-json\/wp\/v2\/users\/7"}],"replies":[{"embeddable":true,"href":"https:\/\/www.grand-hotel-de-nimes.com\/en\/wp-json\/wp\/v2\/comments?post=7540"}],"version-history":[{"count":17,"href":"https:\/\/www.grand-hotel-de-nimes.com\/en\/wp-json\/wp\/v2\/pages\/7540\/revisions"}],"predecessor-version":[{"id":7869,"href":"https:\/\/www.grand-hotel-de-nimes.com\/en\/wp-json\/wp\/v2\/pages\/7540\/revisions\/7869"}],"wp:attachment":[{"href":"https:\/\/www.grand-hotel-de-nimes.com\/en\/wp-json\/wp\/v2\/media?parent=7540"}],"curies":[{"name":"wp","href":"https:\/\/api.w.org\/{rel}","templated":true}]}}