{"id":7475,"date":"2022-03-08T19:04:42","date_gmt":"2022-03-08T18:04:42","guid":{"rendered":"https:\/\/www.grand-hotel-de-nimes.com\/nos-chambres\/chambre-luxe-2-lits\/"},"modified":"2022-03-17T17:37:14","modified_gmt":"2022-03-17T16:37:14","slug":"chambre-luxe-2-lits","status":"publish","type":"page","link":"https:\/\/www.grand-hotel-de-nimes.com\/en\/nos-chambres\/chambre-luxe-2-lits\/","title":{"rendered":"Deluxe Two Bed Room"},"content":{"rendered":"<div class=\"wpb-content-wrapper\"><p>[vc_row equal_height=&#8221;yes&#8221; bg_media_opacity=&#8221;0.2&#8243;][vc_column width=&#8221;2\/3&#8243;][vc_empty_space][vc_gallery type=&#8221;nivo&#8221; interval=&#8221;3&#8243; images=&#8221;6799,6800,6801&#8243; img_size=&#8221;950&#215;513&#8243;][vc_empty_space]<!--================ Info Boxes ================-->\n<script>\n    (function($){\n        'use strict';\n\n        if(!$) return;\n\n        $(function(){\n            var $container = $('#vc-milenia-info-boxes-f395939d1b856b9fc3d7b7e3a56988a1-17753105191844648753'),\n                $dynamicBgElements,\n                $carousels;\n\n            if(!$container.length) return;\n\n            if(window.appear) {\n                appear({\n                    elements: function(){\n                        return document.querySelectorAll('#vc-milenia-info-boxes-f395939d1b856b9fc3d7b7e3a56988a1-17753105191844648753');\n                    },\n                    appear: function(element) {\n                        var $el = $(element);\n                        $el.addClass('milenia-visible').addClass($el.data('animation'));\n                    },\n                    reappear: false,\n                    bounds: -200\n                });\n            }\n\n            if(window.Milenia && window.Milenia.LinkUnderliner) {\n                window.Milenia.LinkUnderliner.init($container.find('a'));\n            }\n\n            if(window.Milenia && window.Milenia.helpers &&  window.Milenia.helpers.dynamicBgImage) {\n                $dynamicBgElements = $container.find('[data-bg-image-src]');\n                if($dynamicBgElements.length) window.Milenia.helpers.dynamicBgImage($dynamicBgElements);\n            }\n\n            if($.fn.owlCarousel) {\n                $carousels = $container.find('.milenia-simple-slideshow--shortcode');\n\n                if($carousels.length) {\n                    if(window.Milenia && window.Milenia.helpers && window.Milenia.helpers.owlSettings) {\n\n                        $carousels.jQueryImagesLoaded().then(function(){\n                                $carousels.each(function(i,e) {\n                                    $(e).owlCarousel(window.Milenia.helpers.owlSettings({\n                                        margin: 1,\n                                        loop: true,\n                                        autoplay: $(e).hasClass('milenia-simple-slideshow--autoplay')\n                                    }));\n                                });\n                        });\n\n                    }\n                    else {\n                        $carousels.owlCarousel({\n                            items: 1\n                        });\n                    }\n                }\n            }\n        });\n    })(window.jQuery);\n<\/script>\n\n<div id=\"vc-milenia-info-boxes-f395939d1b856b9fc3d7b7e3a56988a1-17753105191844648753\" class=\"milenia-entities milenia-entities--style-1 milenia-entities--unreverse  milenia-visible\" data-animation=\"none\">\n    <div class=\"milenia-grid milenia-grid--cols-3 milenia-grid--gutters\">\n        <!--================ Info Boxes Item ================-->\n<div class=\"milenia-grid-item\">\n    <article class=\"milenia-entity \">\n        \n\n        <div class=\"milenia-entity-content milenia-aligner\">\n            <div class=\"milenia-aligner-outer\">\n                <div class=\"milenia-aligner-inner\">\n                    <header class=\"milenia-entity-header\">\n                        \n                        <h2 class=\"milenia-entity-title\">Room size 28m2<\/h2>\n\n                    <\/header>\n                    \n                    \n                <\/div>\n            <\/div>\n        <\/div>\n    <\/article>\n<\/div>\n<!--================ End of Info Boxes Item ================-->\n\r\n<!--================ Info Boxes Item ================-->\n<div class=\"milenia-grid-item\">\n    <article class=\"milenia-entity \">\n        \n\n        <div class=\"milenia-entity-content milenia-aligner\">\n            <div class=\"milenia-aligner-outer\">\n                <div class=\"milenia-aligner-inner\">\n                    <header class=\"milenia-entity-header\">\n                        \n                        <h2 class=\"milenia-entity-title\">Max. 2 adults<\/h2>\n\n                    <\/header>\n                    \n                    \n                <\/div>\n            <\/div>\n        <\/div>\n    <\/article>\n<\/div>\n<!--================ End of Info Boxes Item ================-->\n\r\n<!--================ Info Boxes Item ================-->\n<div class=\"milenia-grid-item\">\n    <article class=\"milenia-entity \">\n        \n\n        <div class=\"milenia-entity-content milenia-aligner\">\n            <div class=\"milenia-aligner-outer\">\n                <div class=\"milenia-aligner-inner\">\n                    <header class=\"milenia-entity-header\">\n                        \n                        <h2 class=\"milenia-entity-title\">2 single beds<\/h2>\n\n                    <\/header>\n                    \n                    \n                <\/div>\n            <\/div>\n        <\/div>\n    <\/article>\n<\/div>\n<!--================ End of Info Boxes Item ================-->\n\n    <\/div>\n<\/div>\n<!--================ End of Info Boxes ================-->\n[\/vc_column][vc_column width=&#8221;1\/3&#8243;][vc_empty_space][vc_column_text]<\/p>\n<h3 style=\"text-align: center; padding: 15px; background: #f6f2ec; font-family: dancing script;\"><span style=\"color: #09062f;\">Ambiance Cosy<\/span><\/h3>\n<hr \/>\n<p>[\/vc_column_text][vc_single_image image=&#8221;7451&#8243; img_size=&#8221;medium&#8221; alignment=&#8221;center&#8221;][vc_empty_space]<script>\n    (function($){\n        'use strict';\n\n        if(!$) return;\n\n        $(function(){\n            if(window.appear) {\n                appear({\n                    elements: function(){\n                        return document.querySelectorAll('#vc-milenia-button-3d8683a0323535082eee630854b778a6-1775310519687056118');\n                    },\n                    appear: function(element) {\n                        var $el = $(element);\n                        $el.addClass('milenia-visible').addClass($el.data('animation'));\n                    },\n                    reappear: false,\n                    bounds: -200\n                });\n            }\n        });\n    })(window.jQuery);\n<\/script>\n<div id=\"vc-milenia-button-3d8683a0323535082eee630854b778a6-1775310519687056118\" class=\"milenia-button-container text-center milenia-body--scheme-lightbrown milenia-visible\" data-animation=\"none\">\n    <a href=\"https:\/\/www.secure-direct-hotel-booking.com\/module_booking_engine\/index.php?id_etab=069c1dbc6c49fa18f121ed298f4390e2&#038;PHPSESSID=1vqjbuocakklugetdig2ieqt12&#038;idu=1647444378830807&#038;langue=anglais\"\n       role=\"button\"\n       class=\"milenia-btn milenia-btn--xxl milenia-btn--huge milenia-btn--scheme-primary  milenia-font--like-body\"\n       title=\"\"\n       target=\"_blank\"\n       rel=\"\"\n       style=\"font-style: normal; letter-spacing: 1.8px; font-weight: 200; text-transform: uppercase;\">BOOK NOW<\/a>\n<\/div>\n[\/vc_column][\/vc_row][vc_row full_width=&#8221;stretch_row&#8221; css=&#8221;.vc_custom_1646401019137{background-color: #f6f2ec !important;}&#8221;][vc_column]<div class=\"cq-floatcaption cq-floatcaption-position-right cq-floatcaption-shape-square cq-floatcaption-percent-64 \" data-position=\"right\"><div class=\"cq-floatcaption-imagecontainer\"><img decoding=\"async\" class=\"cq-floatcaption-image\" src=\"https:\/\/www.grand-hotel-de-nimes.com\/wp-content\/uploads\/2018\/10\/18-1-scaled.jpg\" \/><\/div><div class=\"cq-floatcaption-text\" style=\"background-color:#09062f\"><h3 class=\"cq-floatcaption-title\" style=\"color:;font-size:45px\">BREAKFAST BUFFET<\/h3><p class=\"cq-floatcaption-description\"><\/p>\n<h4 style=\"text-align: center; font-family: pompiere;\"><span style=\"color: #ffffff;\">Our generous buffet is waiting for you<\/span><\/h4>\n<hr \/>\n<h4 style=\"text-align: center; font-family: pompiere; font-size: 25px;\"><span style=\"color: #ffffff;\">Prices<\/span><\/h4>\n<p style=\"text-align: center; font-family: pompiere; font-size: 23px;\"><span style=\"color: #ffffff;\">17\u20ac per adult\u00a0 | 10\u20ac per child <small><em>(up to 10 years old)<\/em><\/small><\/span><\/p>\n<p style=\"text-align: center; font-family: pompiere; font-size: 23px;\"><span style=\"color: #ffffff;\">Choose to have breakfast in your room, reservation the previous day. <em>(Extra charge of 4\u20ac per person)<\/em><\/span><\/p>\n<p>&nbsp;<\/p>\n<p style=\"text-align: center; font-family: pompiere; font-size: 23px;\"><span style=\"color: #ffffff;\">Breakfast is served from 7am to 10am<\/span><\/p>\n<p><\/p><\/div><\/div>[\/vc_column][\/vc_row][vc_row full_width=&#8221;stretch_row&#8221; equal_height=&#8221;yes&#8221; css=&#8221;.vc_custom_1647534992435{background-image: url(https:\/\/www.grand-hotel-de-nimes.com\/wp-content\/uploads\/2018\/10\/fond-blanc-motif-zigzag_1017-33197-1.jpg?id=7910) !important;background-position: 0 0 !important;background-repeat: repeat !important;}&#8221;][vc_column width=&#8221;1\/2&#8243; css=&#8221;.vc_custom_1646239303392{border-right-width: 1px !important;padding-top: 25px !important;padding-right: 25px !important;padding-bottom: 25px !important;padding-left: 25px !important;background-position: 0 0 !important;background-repeat: repeat !important;border-right-color: #09062f !important;border-right-style: solid !important;}&#8221;][vc_empty_space][vc_column_text]<\/p>\n<h4 style=\"text-align: center; font-family: dancing script;\"><span style=\"color: #09062f;\">Reception 24h\/24 | Every day<\/span><\/h4>\n<p>[\/vc_column_text][\/vc_column][vc_column width=&#8221;1\/2&#8243; css=&#8221;.vc_custom_1646239316019{border-left-width: 1px !important;padding-top: 25px !important;padding-right: 25px !important;padding-bottom: 25px !important;padding-left: 25px !important;background-position: 0 0 !important;background-repeat: repeat !important;border-left-color: #09062f !important;border-left-style: solid !important;}&#8221;][vc_empty_space]<script>\n    (function($){\n        'use strict';\n\n        if(!$) return;\n\n        $(function(){\n            if(window.appear) {\n                appear({\n                    elements: function(){\n                        return document.querySelectorAll('#vc-milenia-button-3ae4a233a96148cdc11cf00124396a12-1775310519740123036');\n                    },\n                    appear: function(element) {\n                        var $el = $(element);\n                        $el.addClass('milenia-visible').addClass($el.data('animation'));\n                    },\n                    reappear: false,\n                    bounds: -200\n                });\n            }\n        });\n    })(window.jQuery);\n<\/script>\n<div id=\"vc-milenia-button-3ae4a233a96148cdc11cf00124396a12-1775310519740123036\" class=\"milenia-button-container text-center milenia-body--scheme-lightbrown milenia-visible\" data-animation=\"none\">\n    <a href=\"https:\/\/www.grand-hotel-de-nimes.com\/en\/nos-chambres\/\"\n       role=\"button\"\n       class=\"milenia-btn milenia-btn--xxl milenia-btn--huge milenia-btn--scheme-primary  milenia-font--like-body\"\n       title=\"Rooms\"\n       target=\"_self\"\n       rel=\"\"\n       style=\"font-style: normal; letter-spacing: 1.8px; font-weight: 200; text-transform: uppercase;\">Discover our rooms<\/a>\n<\/div>\n[\/vc_column][\/vc_row][vc_row full_width=&#8221;stretch_row&#8221;][vc_column][vc_empty_space][vc_custom_heading text=&#8221;All the team of&#8221; font_container=&#8221;tag:h4|text_align:center|color:%2309062f&#8221; google_fonts=&#8221;font_family:Pompiere%3Aregular|font_style:400%20regular%3A400%3Anormal&#8221;][vc_custom_heading text=&#8221;Grand H\u00f4tel de N\u00eemes****&#8221; font_container=&#8221;tag:h2|text_align:center|color:%2309062f&#8221; use_theme_fonts=&#8221;yes&#8221;][vc_custom_heading text=&#8221;wishes you a pleasant stay&#8221; font_container=&#8221;tag:h4|text_align:center|color:%2309062f&#8221; google_fonts=&#8221;font_family:Pompiere%3Aregular|font_style:400%20regular%3A400%3Anormal&#8221;][vc_single_image image=&#8221;6732&#8243; img_size=&#8221;full&#8221; alignment=&#8221;center&#8221; style=&#8221;vc_box_shadow_3d&#8221; onclick=&#8221;link_image&#8221;][\/vc_column][\/vc_row][vc_row][vc_column]<div class=\"cq-floatblock cq-floatblock-position-right_center cq-floatblock-shape-square cq-floatblock-btn-large\" data-position=\"right_center\" data-isdisplay=\"\" style=\"width:\" data-elementwidth=\"\" data-autodelay=\"0\"><div class=\"cq-floatblock-header\"><div class=\"cq-floatblock-button\" style=\"color:;background:#09062f\"><div class=\"cq-floatblock-iconcontainer\"><i class=\"cq-floatblock-icon entypo-icon entypo-icon-mail\" style=\"color:;\"><\/i><\/div><\/div><\/div><div class=\"cq-floatblock-title cq-floatblock-white\">\n                          <h3 style=\"color:#09062f\">A reply within 24 hours<\/h3>\n                          <\/div><div class=\"cq-floatblock-content\">\n<div class=\"wpcf7 no-js\" id=\"wpcf7-f7544-o1\" lang=\"en-US\" dir=\"ltr\" data-wpcf7-id=\"7544\">\n<div class=\"screen-reader-response\"><p role=\"status\" aria-live=\"polite\" aria-atomic=\"true\"><\/p> <ul><\/ul><\/div>\n<form action=\"\/en\/wp-json\/wp\/v2\/pages\/7475#wpcf7-f7544-o1\" method=\"post\" class=\"wpcf7-form init\" aria-label=\"Contact form\" novalidate=\"novalidate\" data-status=\"init\">\n<div style=\"display: none;\">\n<input type=\"hidden\" name=\"_wpcf7\" value=\"7544\" \/>\n<input type=\"hidden\" name=\"_wpcf7_version\" value=\"6.0.3\" \/>\n<input type=\"hidden\" name=\"_wpcf7_locale\" value=\"en_US\" \/>\n<input type=\"hidden\" name=\"_wpcf7_unit_tag\" value=\"wpcf7-f7544-o1\" \/>\n<input type=\"hidden\" name=\"_wpcf7_container_post\" value=\"0\" \/>\n<input type=\"hidden\" name=\"_wpcf7_posted_data_hash\" value=\"\" \/>\n<input type=\"hidden\" name=\"_wpcf7_recaptcha_response\" value=\"\" \/>\n<\/div>\n<div style=\"background-color:#09062f;padding:15px;\">\n\t<h3 style=\"color:#fff;\">Nous contacter\n\t<\/h3>\n\t<p><label style=\"text-align:left;color:#fff;\">Nom*<\/label><br \/>\n<span class=\"wpcf7-form-control-wrap\" data-name=\"your-name\"><input size=\"40\" maxlength=\"400\" class=\"wpcf7-form-control wpcf7-text wpcf7-validates-as-required\" aria-required=\"true\" aria-invalid=\"false\" value=\"\" type=\"text\" name=\"your-name\" \/><\/span>\n\t<\/p>\n\t<p><label style=\"text-align:left;color:#fff;\">Email*<\/label><br \/>\n<span class=\"wpcf7-form-control-wrap\" data-name=\"your-email\"><input size=\"40\" maxlength=\"400\" class=\"wpcf7-form-control wpcf7-email wpcf7-validates-as-required wpcf7-text wpcf7-validates-as-email\" aria-required=\"true\" aria-invalid=\"false\" value=\"\" type=\"email\" name=\"your-email\" \/><\/span>\n\t<\/p>\n\t<p><label style=\"text-align:left;color:#fff;\">T\u00e9l\u00e9phone<\/label><br \/>\n<span class=\"wpcf7-form-control-wrap\" data-name=\"phone\"><input size=\"40\" maxlength=\"400\" class=\"wpcf7-form-control wpcf7-text\" aria-invalid=\"false\" value=\"\" type=\"text\" name=\"phone\" \/><\/span>\n\t<\/p>\n\t<p><label style=\"text-align:left;color:#fff;\">Message<\/label><br \/>\n<span class=\"wpcf7-form-control-wrap\" data-name=\"your-message\"><textarea cols=\"40\" rows=\"7\" maxlength=\"2000\" class=\"wpcf7-form-control wpcf7-textarea\" aria-invalid=\"false\" name=\"your-message\"><\/textarea><\/span>\n\t<\/p>\n\t<p><input class=\"wpcf7-form-control wpcf7-submit has-spinner\" type=\"submit\" value=\"ENVOYEZ\" \/>\n\t<\/p>\n\t<p style=\"color:#fff;text-align: justify;font-size: 18px;\" ><em> Dispositif BLOCTEL : \"Vous avez la possibilit\u00e9 de vous inscrire sur la liste d'opposition au d\u00e9marchage t\u00e9l\u00e9phonique bloctel : https:\/\/bloctel.gouv.fr .<\/em>\n\t<\/p>\n<\/div><div class=\"wpcf7-response-output\" aria-hidden=\"true\"><\/div>\n<\/form>\n<\/div>\n<\/div><\/div>[\/vc_column][\/vc_row]<\/p>\n<\/div>","protected":false},"excerpt":{"rendered":"<p>[vc_row equal_height=&#8221;yes&#8221; bg_media_opacity=&#8221;0.2&#8243;][vc_column width=&#8221;2\/3&#8243;][vc_empty_space][vc_gallery type=&#8221;nivo&#8221; interval=&#8221;3&#8243; images=&#8221;6799,6800,6801&#8243; img_size=&#8221;950&#215;513&#8243;][vc_empty_space][\/vc_column][vc_column width=&#8221;1\/3&#8243;][vc_empty_space][vc_column_text] Ambiance Cosy [\/vc_column_text][vc_single_image image=&#8221;7451&#8243; img_size=&#8221;medium&#8221; alignment=&#8221;center&#8221;][vc_empty_space][\/vc_column][\/vc_row][vc_row full_width=&#8221;stretch_row&#8221; css=&#8221;.vc_custom_1646401019137{background-color: #f6f2ec&#8230;<\/p>\n","protected":false},"author":7,"featured_media":0,"parent":7407,"menu_order":1,"comment_status":"closed","ping_status":"closed","template":"redux-templates_full_width","meta":{"footnotes":""},"class_list":["post-7475","page","type-page","status-publish","hentry"],"_links":{"self":[{"href":"https:\/\/www.grand-hotel-de-nimes.com\/en\/wp-json\/wp\/v2\/pages\/7475","targetHints":{"allow":["GET"]}}],"collection":[{"href":"https:\/\/www.grand-hotel-de-nimes.com\/en\/wp-json\/wp\/v2\/pages"}],"about":[{"href":"https:\/\/www.grand-hotel-de-nimes.com\/en\/wp-json\/wp\/v2\/types\/page"}],"author":[{"embeddable":true,"href":"https:\/\/www.grand-hotel-de-nimes.com\/en\/wp-json\/wp\/v2\/users\/7"}],"replies":[{"embeddable":true,"href":"https:\/\/www.grand-hotel-de-nimes.com\/en\/wp-json\/wp\/v2\/comments?post=7475"}],"version-history":[{"count":9,"href":"https:\/\/www.grand-hotel-de-nimes.com\/en\/wp-json\/wp\/v2\/pages\/7475\/revisions"}],"predecessor-version":[{"id":7914,"href":"https:\/\/www.grand-hotel-de-nimes.com\/en\/wp-json\/wp\/v2\/pages\/7475\/revisions\/7914"}],"up":[{"embeddable":true,"href":"https:\/\/www.grand-hotel-de-nimes.com\/en\/wp-json\/wp\/v2\/pages\/7407"}],"wp:attachment":[{"href":"https:\/\/www.grand-hotel-de-nimes.com\/en\/wp-json\/wp\/v2\/media?parent=7475"}],"curies":[{"name":"wp","href":"https:\/\/api.w.org\/{rel}","templated":true}]}}